{"id":1708,"date":"2023-09-10T10:05:39","date_gmt":"2023-09-10T10:05:39","guid":{"rendered":"https:\/\/boldfootforward.nl\/?page_id=1708"},"modified":"2023-09-10T10:05:39","modified_gmt":"2023-09-10T10:05:39","slug":"kruidig-ontbijtbrood","status":"publish","type":"page","link":"https:\/\/boldfootforward.nl\/en\/kruidig-ontbijtbrood\/","title":{"rendered":"Spicy Breakfast Bread"},"content":{"rendered":"<h4 class=\"wp-block-heading\">Your healthy start of the day<\/h4>\n\n\n\n<p>Looking for a delicious way to start your day? This is the recipe you've been searching for.<\/p>\n\n\n\n<h4 class=\"wp-block-heading\">Why This Breakfast Bread Is So Amazing:<\/h4>\n\n\n\n<p>This spiced breakfast bread is a personal favorite of mine. The cinnamon and cardamom give it a wonderfully spiced flavor, almost like having cake for breakfast. A little morning indulgence. I sometimes spread a layer of organic grass-fed butter on it for that extra touch.<\/p>\n\n\n\n<p>The recipe might seem a bit overwhelming due to the many ingredients, but luckily, you just have to throw everything together. It's less work than it appears, and the results are worth it. I usually bake two at a time\u2014one goes in the freezer for later, and the other I keep for the next few days.<\/p>\n\n\n\n<p>And the best part of all? This breakfast bread is packed with nutrients. It's perfect for those busy mornings when you don't have time for breakfast. Grab a few slices as a snack or to complement your lunch. Enjoy healthy eating without the fuss.<\/p>\n\n\n\n<p>So what are you waiting for? Let this breakfast bread brighten up your day and make healthy eating a part of your daily routine.<\/p>\n\n\n\n<p><em>Looking for more healthy and delicious recipes? Stay here for inspiration and enjoy your meals with delight!<\/em><\/p>\n\n\n<div class=\"wp-block-wpzoom-recipe-card-block-recipe-card header-content-align-center block-alignment-center is-style-newdesign\" id=\"wpzoom-recipe-card\"><div class=\"recipe-card-image\">\n\t\t\t\t<figure>\n\t\t\t\t\t<img loading=\"lazy\" decoding=\"async\" width=\"768\" height=\"530\" src=\"https:\/\/boldfootforward.nl\/wp-content\/uploads\/2023\/09\/Ontbijtbrood-768x530.jpg\" class=\"wpzoom-recipe-card-image\" alt=\"Kruidig Ontbijtbrood\" id=\"1668\" \/>\n\t\t\t\t\t<figcaption>\n\t\t\t\t\t\t<div class=\"wpzoom-recipe-card-pinit\">\n\t            <a class=\"btn-pinit-link no-print\" target=\"_blank\" data-pin-do=\"buttonPin\" href=\"https:\/\/www.pinterest.com\/pin\/create\/button\/?url=https:\/\/boldfootforward.nl\/en\/kruidig-ontbijtbrood\/&#038;media=https:\/\/boldfootforward.nl\/wp-content\/uploads\/2023\/09\/Ontbijtbrood-768x530.jpg&#038;description=Kruidig%20Ontbijtbrood\" data-pin-custom=\"true\" >\n\t            \t<svg class=\"wpzoom-rcb-icon-pinit-link\" enable-background=\"new 0 0 30 30\" height=\"30px\" id=\"Pinterest\" version=\"1.1\" viewbox=\"0 0 30 30\" width=\"30px\" xmlns=\"http:\/\/www.w3.org\/2000\/svg\">\n \t            \t    <path class=\"wpzoom-rcb-pinit-icon\" d=\"M16,0C7.813,0,3,6.105,3,11c0,2.964,2,6,3,6s2,0,2-1s-2-2-2-5c0-4.354,4.773-8,10-8c4.627,0,7,3.224,7,7  c0,4.968-2.735,9-6,9c-1.803,0-3.433-1.172-3-3c0.519-2.184,1-2,2-6c0.342-1.368-0.433-3-2-3c-1.843,0-4,1.446-4,4c0,1.627,1,3,1,3  s-2.245,7.863-2.576,9.263C7.766,26.049,6.938,30,7.938,30S10,28,12,23c0.295-0.738,1-3,1-3c0.599,1.142,3.14,2,5,2  c5.539,0,9-5.24,9-12C27,4.888,22.58,0,16,0z\" \/>\n \t            \t<\/svg>\n\t            \t<span>Pin<\/span>\n\t            <\/a>\n\t        <\/div><div class=\"wpzoom-recipe-card-print-link\">\n\t            <a class=\"btn-print-link no-print\" href=\"#wpzoom-recipe-card\" title=\"Print directions...\" style=\"background-color: #FFA921; box-shadow: 0 5px 40px #FFA921;\" data-servings-size=\"12\" data-recipe-id=\"1708\">\n\t            \t<svg class=\"wpzoom-rcb-icon-print-link\" viewbox=\"0 0 32 32\" width=\"32\" height=\"32\" xmlns=\"http:\/\/www.w3.org\/2000\/svg\">\n \t            \t    <g data-name=\"Layer 55\" id=\"Layer_55\">\n \t            \t        <path class=\"wpzoom-rcb-print-icon\" d=\"M28,25H25a1,1,0,0,1,0-2h3a1,1,0,0,0,1-1V10a1,1,0,0,0-1-1H4a1,1,0,0,0-1,1V22a1,1,0,0,0,1,1H7a1,1,0,0,1,0,2H4a3,3,0,0,1-3-3V10A3,3,0,0,1,4,7H28a3,3,0,0,1,3,3V22A3,3,0,0,1,28,25Z\" \/>\n \t            \t        <path class=\"wpzoom-rcb-print-icon\" d=\"M25,31H7a1,1,0,0,1-1-1V20a1,1,0,0,1,1-1H25a1,1,0,0,1,1,1V30A1,1,0,0,1,25,31ZM8,29H24V21H8Z\" \/>\n \t            \t        <path class=\"wpzoom-rcb-print-icon\" d=\"M25,9a1,1,0,0,1-1-1V3H8V8A1,1,0,0,1,6,8V2A1,1,0,0,1,7,1H25a1,1,0,0,1,1,1V8A1,1,0,0,1,25,9Z\" \/>\n \t            \t        <rect class=\"wpzoom-rcb-print-icon\" height=\"2\" width=\"2\" x=\"24\" y=\"11\" \/>\n \t            \t        <rect class=\"wpzoom-rcb-print-icon\" height=\"2\" width=\"4\" x=\"18\" y=\"11\" \/>\n \t            \t    <\/g>\n \t            \t<\/svg>\n\t                <span>Print<\/span>\n\t            <\/a>\n\t        <\/div>\n\t\t            <\/figcaption>\n\t\t\t\t<\/figure>\n\t\t\t<\/div>\n\t\t\t<div class=\"recipe-card-heading\">\n\t\t\t\t<h2 class=\"recipe-card-title\">Spicy Breakfast Bread<\/h2><span class=\"recipe-card-course\">Course: <mark>Lunch, Breakfast, Snacks<\/mark><\/span><span class=\"recipe-card-difficulty\">Difficulty: <mark>Easy<\/mark><\/span><\/div><div class=\"recipe-card-details\"><div class=\"details-items\"><div class=\"detail-item detail-item-0\"><span class=\"detail-item-icon oldicon oldicon-food\" style=\"color: #FFA921;\"><\/span><span class=\"detail-item-label\">Servings<\/span><p class=\"detail-item-value\">12<\/p><span class=\"detail-item-unit\">servings<\/span><\/div><div class=\"detail-item detail-item-1\"><span class=\"detail-item-icon oldicon oldicon-clock\" style=\"color: #FFA921;\"><\/span><span class=\"detail-item-label\">Prep time<\/span><p class=\"detail-item-value\">15<\/p><span class=\"detail-item-unit\">minutes<\/span><\/div><div class=\"detail-item detail-item-2\"><span class=\"detail-item-icon foodicons foodicons-cooking-food-in-a-hot-casserole\" style=\"color: #FFA921;\"><\/span><span class=\"detail-item-label\">Cooking time<\/span><p class=\"detail-item-value\">45<\/p><span class=\"detail-item-unit\">minutes<\/span><\/div><\/div><\/div><p class=\"recipe-card-summary no-print\">This spiced breakfast bread is a personal favorite and perfect for a healthy start to your day. It may seem complicated due to the many ingredients, but you simply need to combine everything. It's less work than it appears, and the result is delicious. I often bake two at a time, one for now and one for later. Packed with nutrients and easy to take with you - your new favorite breakfast and snack option!<\/p><div class=\"recipe-card-ingredients\"><h3 class=\"ingredients-title\">Ingredients<\/h3><ul class=\"ingredients-list layout-1-column\"><li id=\"wpzoom-rcb-ingredient-item-0\" class=\"ingredient-item\"><span class=\"tick-circle\" style=\"border: 2px solid #FFA921;\"><\/span><p class=\"ingredient-item-name is-strikethrough-active\"><span class=\"wpzoom-rcb-ingredient-name\"><strong>Dry Ingredi\u00ebnts<\/strong><\/span><\/p><\/li><li id=\"wpzoom-rcb-ingredient-item-20\" class=\"ingredient-item\"><span class=\"tick-circle\" style=\"border: 2px solid #FFA921;\"><\/span><p class=\"ingredient-item-name is-strikethrough-active\"><span class=\"wpzoom-rcb-ingredient-name\">2 cups spelt flour<\/span><\/p><\/li><li id=\"wpzoom-rcb-ingredient-item-39\" class=\"ingredient-item\"><span class=\"tick-circle\" style=\"border: 2px solid #FFA921;\"><\/span><p class=\"ingredient-item-name is-strikethrough-active\"><span class=\"wpzoom-rcb-ingredient-name\">1 cup rolled oats <\/span><\/p><\/li><li id=\"wpzoom-rcb-ingredient-item-58\" class=\"ingredient-item\"><span class=\"tick-circle\" style=\"border: 2px solid #FFA921;\"><\/span><p class=\"ingredient-item-name is-strikethrough-active\"><span class=\"wpzoom-rcb-ingredient-name\">1 tablespoon baking powder<\/span><\/p><\/li><li id=\"wpzoom-rcb-ingredient-item-79\" class=\"ingredient-item\"><span class=\"tick-circle\" style=\"border: 2px solid #FFA921;\"><\/span><p class=\"ingredient-item-name is-strikethrough-active\"><span class=\"wpzoom-rcb-ingredient-name\">1 tablespoon cinnamon<\/span><\/p><\/li><li id=\"wpzoom-rcb-ingredient-item-97\" class=\"ingredient-item\"><span class=\"tick-circle\" style=\"border: 2px solid #FFA921;\"><\/span><p class=\"ingredient-item-name is-strikethrough-active\"><span class=\"wpzoom-rcb-ingredient-name\">1 teaspoon ground cardamom<\/span><\/p><\/li><li id=\"wpzoom-rcb-ingredient-item-126\" class=\"ingredient-item\"><span class=\"tick-circle\" style=\"border: 2px solid #FFA921;\"><\/span><p class=\"ingredient-item-name is-strikethrough-active\"><span class=\"wpzoom-rcb-ingredient-name\">\u00bc teaspoon sea salt<\/span><\/p><\/li><li id=\"wpzoom-rcb-ingredient-item-146\" class=\"ingredient-item\"><span class=\"tick-circle\" style=\"border: 2px solid #FFA921;\"><\/span><p class=\"ingredient-item-name is-strikethrough-active\"><span class=\"wpzoom-rcb-ingredient-name\"><strong>Wet ingredients:<\/strong><\/span><\/p><\/li><li id=\"wpzoom-rcb-ingredient-item-166\" class=\"ingredient-item\"><span class=\"tick-circle\" style=\"border: 2px solid #FFA921;\"><\/span><p class=\"ingredient-item-name is-strikethrough-active\"><span class=\"wpzoom-rcb-ingredient-name\">\u00bd cup melted coconut oil<\/span><\/p><\/li><li id=\"wpzoom-rcb-ingredient-item-195\" class=\"ingredient-item\"><span class=\"tick-circle\" style=\"border: 2px solid #FFA921;\"><\/span><p class=\"ingredient-item-name is-strikethrough-active\"><span class=\"wpzoom-rcb-ingredient-name\">\u00bd cup pure maple syrup<\/span><\/p><\/li><li id=\"wpzoom-rcb-ingredient-item-220\" class=\"ingredient-item\"><span class=\"tick-circle\" style=\"border: 2px solid #FFA921;\"><\/span><p class=\"ingredient-item-name is-strikethrough-active\"><span class=\"wpzoom-rcb-ingredient-name\">\u00bd cup plant-based milk<\/span><\/p><\/li><li id=\"wpzoom-rcb-ingredient-item-246\" class=\"ingredient-item\"><span class=\"tick-circle\" style=\"border: 2px solid #FFA921;\"><\/span><p class=\"ingredient-item-name is-strikethrough-active\"><span class=\"wpzoom-rcb-ingredient-name\">2 teaspoons pure vanilla extract<\/span><\/p><\/li><li id=\"wpzoom-rcb-ingredient-item-280\" class=\"ingredient-item\"><span class=\"tick-circle\" style=\"border: 2px solid #FFA921;\"><\/span><p class=\"ingredient-item-name is-strikethrough-active\"><span class=\"wpzoom-rcb-ingredient-name\"><strong>Additions:<\/strong><\/span><\/p><\/li><li id=\"wpzoom-rcb-ingredient-item-294\" class=\"ingredient-item\"><span class=\"tick-circle\" style=\"border: 2px solid #FFA921;\"><\/span><p class=\"ingredient-item-name is-strikethrough-active\"><span class=\"wpzoom-rcb-ingredient-name\">1 cup mixed fresh berries<\/span><\/p><\/li><li id=\"wpzoom-rcb-ingredient-item-325\" class=\"ingredient-item\"><span class=\"tick-circle\" style=\"border: 2px solid #FFA921;\"><\/span><p class=\"ingredient-item-name is-strikethrough-active\"><span class=\"wpzoom-rcb-ingredient-name\">1 cup finely chopped baby spinach<\/span><\/p><\/li><li id=\"wpzoom-rcb-ingredient-item-358\" class=\"ingredient-item\"><span class=\"tick-circle\" style=\"border: 2px solid #FFA921;\"><\/span><p class=\"ingredient-item-name is-strikethrough-active\"><span class=\"wpzoom-rcb-ingredient-name\">1 cup finely grated carrots<\/span><\/p><\/li><li id=\"wpzoom-rcb-ingredient-item-388\" class=\"ingredient-item\"><span class=\"tick-circle\" style=\"border: 2px solid #FFA921;\"><\/span><p class=\"ingredient-item-name is-strikethrough-active\"><span class=\"wpzoom-rcb-ingredient-name\">1 medium apple, grated <\/span><\/p><\/li><li id=\"wpzoom-rcb-ingredient-item-418\" class=\"ingredient-item\"><span class=\"tick-circle\" style=\"border: 2px solid #FFA921;\"><\/span><p class=\"ingredient-item-name is-strikethrough-active\"><span class=\"wpzoom-rcb-ingredient-name\">\u00bc cup soaked raisins<\/span><\/p><\/li><li id=\"wpzoom-rcb-ingredient-item-443\" class=\"ingredient-item\"><span class=\"tick-circle\" style=\"border: 2px solid #FFA921;\"><\/span><p class=\"ingredient-item-name is-strikethrough-active\"><span class=\"wpzoom-rcb-ingredient-name\">\u00bc cup dried cranberries<\/span><\/p><\/li><li id=\"wpzoom-rcb-ingredient-item-473\" class=\"ingredient-item\"><span class=\"tick-circle\" style=\"border: 2px solid #FFA921;\"><\/span><p class=\"ingredient-item-name is-strikethrough-active\"><span class=\"wpzoom-rcb-ingredient-name\">\u00bc cup mixed sunflower<\/span><\/p><\/li><li id=\"wpzoom-rcb-ingredient-item-502\" class=\"ingredient-item\"><span class=\"tick-circle\" style=\"border: 2px solid #FFA921;\"><\/span><p class=\"ingredient-item-name is-strikethrough-active\"><span class=\"wpzoom-rcb-ingredient-name\"> and pumpkin seeds<\/span><\/p><\/li><li id=\"wpzoom-rcb-ingredient-item-520\" class=\"ingredient-item\"><span class=\"tick-circle\" style=\"border: 2px solid #FFA921;\"><\/span><p class=\"ingredient-item-name is-strikethrough-active\"><span class=\"wpzoom-rcb-ingredient-name\">\u00bc cup finely chopped dried apricots<\/span><\/p><\/li><li id=\"wpzoom-rcb-ingredient-item-540\" class=\"ingredient-item\"><span class=\"tick-circle\" style=\"border: 2px solid #FFA921;\"><\/span><p class=\"ingredient-item-name is-strikethrough-active\"><span class=\"wpzoom-rcb-ingredient-name\"> gedroogde abrikozen<\/span><\/p><\/li><\/ul><\/div><div class=\"recipe-card-directions\"><h3 class=\"directions-title\">Directions<\/h3><ul class=\"directions-list\"><li id=\"wpzoom-rcb-direction-step-0\" class=\"direction-step\">Grease a 5 x 9-inch loaf pan. Preheat the oven to 190\u00b0C (375\u00b0F).<\/li><li id=\"wpzoom-rcb-direction-step-68\" class=\"direction-step\">Whisk the dry ingredients together in a large mixing bowl. In a separate bowl, stir together the wet ingredients and add them to the dry ingredients until just combined. DO NOT MIX TOO MUCH.<\/li><li id=\"wpzoom-rcb-direction-step-258\" class=\"direction-step\">Fold in the remaining ingredients (the additions).<\/li><li id=\"wpzoom-rcb-direction-step-311\" class=\"direction-step\">Place the batter in the loaf pan and bake for 45 minutes or until a toothpick comes out clean.<\/li><li id=\"wpzoom-rcb-direction-step-414\" class=\"direction-step\">Let cool for 10 minutes, then remove the bread from the tin to cool completely on a rack.<\/li><\/ul><\/div><div class=\"recipe-card-notes\">\n\t\t\t\t\t<h3 class=\"notes-title\"><\/h3>\n\t\t\t\t\t<ul class=\"recipe-card-notes-list\"><li>Make sure that the fruits do not all come together in one place in the baking tin. The lack of dough can cause a hole in your bread. And that makes cutting a lot more difficult.<\/li><\/ul>\n\t\t\t\t<\/div><script type=\"application\/ld+json\">{\"@context\":\"https:\\\/\\\/schema.org\",\"@type\":\"Recipe\",\"name\":\"Kruidig Ontbijtbrood\",\"image\":[\"https:\\\/\\\/boldfootforward.nl\\\/wp-content\\\/uploads\\\/2023\\\/09\\\/Ontbijtbrood.jpg\",\"https:\\\/\\\/boldfootforward.nl\\\/wp-content\\\/uploads\\\/2023\\\/09\\\/Ontbijtbrood-500x500.jpg\",\"https:\\\/\\\/boldfootforward.nl\\\/wp-content\\\/uploads\\\/2023\\\/09\\\/Ontbijtbrood-500x375.jpg\",\"https:\\\/\\\/boldfootforward.nl\\\/wp-content\\\/uploads\\\/2023\\\/09\\\/Ontbijtbrood-480x270.jpg\"],\"description\":\"Dit kruidige ontbijtbrood is een persoonlijke favoriet en perfect voor een gezonde start van de dag. Het lijkt misschien ingewikkeld door de vele ingredi\u00ebnten, maar je hoeft alleen alles te combineren. Minder werk dan het lijkt en het resultaat is verrukkelijk. Vaak bak ik er twee tegelijk, \u00e9\u00e9n voor nu en \u00e9\u00e9n voor later. Boordevol voedingsstoffen en gemakkelijk mee te nemen - jouw nieuwe favoriete ontbijt- en snackoptie!\",\"keywords\":[\"Breakfast\",\"ontbijt\",\"lunch\",\"brood\",\"cake\",\"voedzaam\",\"gezond\",\"healthy\",\"quick\"],\"author\":{\"@type\":\"Person\",\"name\":\"Sabine\"},\"datePublished\":\"2023-09-10T10:05:39+00:00\",\"prepTime\":\"PT15M\",\"cookTime\":\"PT45M\",\"totalTime\":\"PT1H\",\"recipeCategory\":[\"Lunch\",\"Breakfast\",\"Snacks\"],\"recipeCuisine\":[],\"recipeYield\":[\"12\",\"12 servings\"],\"nutrition\":{\"@type\":\"NutritionInformation\"},\"recipeIngredient\":[\"Droge ingredi\u00ebnten:\",\"2 kopjes speltmeel\",\"1 kopje havermout\",\"1 eetlepel bakpoeder\",\"1 eetlepel kaneel\",\"1 theelepel gemalen kardemom\",\"\u00bc theelepel zeezout\",\"Natte ingredi\u00ebnten:\",\"\u00bd kopje kokosolie, gesmolten\",\"\u00bd kopje pure ahornsiroop\",\"\u00bd kopje plantaardige melk\",\"2 theelepels puur vanille-extract\",\"Toevoegingen:\",\"1 kopje gemengde verse bessen,\",\"1 kopje fijngehakte babyspinazie\",\"1 kopje fijngeraspte wortelen\",\"1 middelgrote appel, geraspt\",\"\u00bc kopje gewelde rozijnen\",\"\u00bc kopje gedroogde cranberries\",\"\u00bc kopje gemengde zonnebloem-\",\"en pompoenpitten\",\"\u00bc kopje fijngehakte\",\"gedroogde abrikozen\"],\"recipeInstructions\":[{\"@type\":\"HowToStep\",\"name\":\"Vet een broodblik van 5 x 9 inch in. Verwarm de oven voor op 190\u00b0C.\",\"text\":\"Vet een broodblik van 5 x 9 inch in. Verwarm de oven voor op 190\u00b0C.\",\"url\":\"https:\\\/\\\/boldfootforward.nl\\\/en\\\/kruidig-ontbijtbrood\\\/#wpzoom-rcb-direction-step-0\",\"image\":\"\"},{\"@type\":\"HowToStep\",\"name\":\"Klop de droge ingredi\u00ebnten samen in een grote mengkom. Roer in een aparte kom de natte ingredi\u00ebnten door elkaar en voeg ze toe aan de droge ingredi\u00ebnten tot net gemengd. NIET TE VEEL MIXEN.\",\"text\":\"Klop de droge ingredi\u00ebnten samen in een grote mengkom. Roer in een aparte kom de natte ingredi\u00ebnten door elkaar en voeg ze toe aan de droge ingredi\u00ebnten tot net gemengd. NIET TE VEEL MIXEN.\",\"url\":\"https:\\\/\\\/boldfootforward.nl\\\/en\\\/kruidig-ontbijtbrood\\\/#wpzoom-rcb-direction-step-68\",\"image\":\"\"},{\"@type\":\"HowToStep\",\"name\":\"Vouw de overige ingredi\u00ebnten (de toevoegingen) erin.\",\"text\":\"Vouw de overige ingredi\u00ebnten (de toevoegingen) erin.\",\"url\":\"https:\\\/\\\/boldfootforward.nl\\\/en\\\/kruidig-ontbijtbrood\\\/#wpzoom-rcb-direction-step-258\",\"image\":\"\"},{\"@type\":\"HowToStep\",\"name\":\"Doe het beslag in het broodblik en bak gedurende 45 minuten of tot een tandenstoker er schoon uitkomt.\",\"text\":\"Doe het beslag in het broodblik en bak gedurende 45 minuten of tot een tandenstoker er schoon uitkomt.\",\"url\":\"https:\\\/\\\/boldfootforward.nl\\\/en\\\/kruidig-ontbijtbrood\\\/#wpzoom-rcb-direction-step-311\",\"image\":\"\"},{\"@type\":\"HowToStep\",\"name\":\"Laat 10 minuten afkoelen en verwijder dan het brood uit het blik om volledig af te koelen op een rek.\",\"text\":\"Laat 10 minuten afkoelen en verwijder dan het brood uit het blik om volledig af te koelen op een rek.\",\"url\":\"https:\\\/\\\/boldfootforward.nl\\\/en\\\/kruidig-ontbijtbrood\\\/#wpzoom-rcb-direction-step-414\",\"image\":\"\"}]}<\/script><\/div>","protected":false},"excerpt":{"rendered":"<p>Jouw Gezonde Start van de Dag Op zoek naar een smakelijke manier om je dag te beginnen? Dit is h\u00e9t recept waar je naar op zoek was. Waarom Dit Ontbijtbrood Zo Geweldig Is: Dit kruidige ontbijtbrood is een persoonlijke favoriet. De kaneel en kardemom geven het een heerlijk kruidige smaak, bijna alsof ik ontbijt met &hellip;<\/p>\n<p class=\"read-more\"> <a class=\"\" href=\"https:\/\/boldfootforward.nl\/en\/kruidig-ontbijtbrood\/\"> <span class=\"screen-reader-text\">Spicy Breakfast Bread<\/span> Read More &raquo;<\/a><\/p>","protected":false},"author":1,"featured_media":0,"parent":0,"menu_order":0,"comment_status":"closed","ping_status":"closed","template":"","meta":{"site-sidebar-layout":"default","site-content-layout":"default","ast-global-header-display":"","ast-banner-title-visibility":"","ast-main-header-display":"","ast-hfb-above-header-display":"","ast-hfb-below-header-display":"","ast-hfb-mobile-header-display":"","site-post-title":"","ast-breadcrumbs-content":"","ast-featured-img":"","footer-sml-layout":"","theme-transparent-header-meta":"","adv-header-id-meta":"","stick-header-meta":"","header-above-stick-meta":"","header-main-stick-meta":"","header-below-stick-meta":"","footnotes":""},"class_list":["post-1708","page","type-page","status-publish","hentry"],"rttpg_featured_image_url":null,"rttpg_author":{"display_name":"Sabine","author_link":"https:\/\/boldfootforward.nl\/en\/author\/vantielsabine_660v3m98\/"},"rttpg_comment":0,"rttpg_category":null,"rttpg_excerpt":"Jouw Gezonde Start van de Dag Op zoek naar een smakelijke manier om je dag te beginnen? Dit is h\u00e9t recept waar je naar op zoek was. Waarom Dit Ontbijtbrood Zo Geweldig Is: Dit kruidige ontbijtbrood is een persoonlijke favoriet. De kaneel en kardemom geven het een heerlijk kruidige smaak, bijna alsof ik ontbijt met&hellip;","_links":{"self":[{"href":"https:\/\/boldfootforward.nl\/en\/wp-json\/wp\/v2\/pages\/1708","targetHints":{"allow":["GET"]}}],"collection":[{"href":"https:\/\/boldfootforward.nl\/en\/wp-json\/wp\/v2\/pages"}],"about":[{"href":"https:\/\/boldfootforward.nl\/en\/wp-json\/wp\/v2\/types\/page"}],"author":[{"embeddable":true,"href":"https:\/\/boldfootforward.nl\/en\/wp-json\/wp\/v2\/users\/1"}],"replies":[{"embeddable":true,"href":"https:\/\/boldfootforward.nl\/en\/wp-json\/wp\/v2\/comments?post=1708"}],"version-history":[{"count":2,"href":"https:\/\/boldfootforward.nl\/en\/wp-json\/wp\/v2\/pages\/1708\/revisions"}],"predecessor-version":[{"id":1712,"href":"https:\/\/boldfootforward.nl\/en\/wp-json\/wp\/v2\/pages\/1708\/revisions\/1712"}],"wp:attachment":[{"href":"https:\/\/boldfootforward.nl\/en\/wp-json\/wp\/v2\/media?parent=1708"}],"curies":[{"name":"wp","href":"https:\/\/api.w.org\/{rel}","templated":true}]}}